{"id":102,"date":"2025-03-28T18:30:29","date_gmt":"2025-03-28T18:30:29","guid":{"rendered":"https:\/\/maarja-liis.ee\/?page_id=102"},"modified":"2025-08-03T11:46:46","modified_gmt":"2025-08-03T11:46:46","slug":"strateegia","status":"publish","type":"page","link":"https:\/\/maarja-liis.ee\/et\/teenused\/strateegia\/","title":{"rendered":"Strategic planning"},"content":{"rendered":"<div class=\"wp-block-group alignfull has-background-background-color has-background has-global-padding is-layout-constrained wp-container-core-group-is-layout-7276a2bb wp-block-group-is-layout-constrained\" style=\"margin-top:0;margin-bottom:0;padding-top:var(--wp--preset--spacing--60);padding-right:var(--wp--preset--spacing--30);padding-bottom:var(--wp--preset--spacing--60);padding-left:var(--wp--preset--spacing--30)\">\n<div class=\"wp-block-group alignwide is-vertical is-layout-flex wp-container-core-group-is-layout-fe9cc265 wp-block-group-is-layout-flex\">\n<div class=\"wp-block-group has-global-padding is-layout-constrained wp-block-group-is-layout-constrained\">\n<h2 class=\"wp-block-heading has-large-font-size\"><strong>Strateegia ei ole dokument - see on otsustusvahend.<\/strong><\/h2>\n<\/div>\n<\/div>\n\n\n\n<div class=\"wp-block-columns alignwide are-vertically-aligned-top is-layout-flex wp-container-core-columns-is-layout-08c01c1c wp-block-columns-is-layout-flex\">\n<div class=\"wp-block-column is-vertically-aligned-top is-layout-flow wp-block-column-is-layout-flow\">\n<div class=\"wp-block-group has-global-padding is-layout-constrained wp-block-group-is-layout-constrained\">\n<p style=\"margin-top:16px\">Aitan ettev\u00f5tetel koostada strateegiaid, mis ei j\u00e4\u00e4 lihtsalt kausta, vaid suunavad tegelikult tegevust. Olenemata sellest, kas olete oma meeskonna m\u00f5ttemustreid joondamas, muutuste keerises v\u00f5i pikaajalisi eesm\u00e4rke planeerimas, annan protsessile struktuuri, selguse ja edasise hoo.<\/p>\n\n\n\n<p>T\u00f6\u00f6tan erinevates t\u00f6\u00f6stusharudes meeskondadega, kes on valmis julgelt m\u00f5tlema ja targalt tegutsema. Sessioonid v\u00f5ivad toimuda f\u00fc\u00fcsiliselt, veebip\u00f5hiselt v\u00f5i h\u00fcbriidselt, kuid reaalsed kohtumised kipuvad andma parimaid tulemusi ja suurimaid taipamisi.<\/p>\n\n\n\n<p style=\"margin-top:16px\">Tulemus on kohandatud vastavalt teie vajadustele ja v\u00f5ib sisaldada t\u00e4ielikku strateegia dokumentatsiooni, teekaarte ja edasisi tegevusi.<\/p>\n<\/div>\n<\/div>\n\n\n\n<div class=\"wp-block-column is-vertically-aligned-top is-layout-flow wp-block-column-is-layout-flow\">\n<figure class=\"wp-block-image size-large ext-aspect-landscape\"><img loading=\"lazy\" decoding=\"async\" width=\"1024\" height=\"678\" src=\"https:\/\/maarja-liis.ee\/wp-content\/uploads\/2025\/04\/chess-316658_1280-1024x678.jpg\" alt=\"\" class=\"wp-image-174\" style=\"aspect-ratio:4\/3;object-fit:cover\" srcset=\"https:\/\/maarja-liis.ee\/wp-content\/uploads\/2025\/04\/chess-316658_1280-1024x678.jpg 1024w, https:\/\/maarja-liis.ee\/wp-content\/uploads\/2025\/04\/chess-316658_1280-300x199.jpg 300w, https:\/\/maarja-liis.ee\/wp-content\/uploads\/2025\/04\/chess-316658_1280-768x508.jpg 768w, https:\/\/maarja-liis.ee\/wp-content\/uploads\/2025\/04\/chess-316658_1280.jpg 1280w\" sizes=\"auto, (max-width: 1024px) 100vw, 1024px\" \/><\/figure>\n<\/div>\n<\/div>\n<\/div>\n\n\n\n<div class=\"wp-block-group alignfull has-background-background-color has-background has-global-padding is-layout-constrained wp-container-core-group-is-layout-6fa30f3f wp-block-group-is-layout-constrained\" style=\"border-top-width:1px;margin-top:0;margin-bottom:0;padding-top:0;padding-right:0;padding-bottom:0;padding-left:0\">\n<div class=\"wp-block-columns alignwide is-layout-flex wp-container-core-columns-is-layout-28232c24 wp-block-columns-is-layout-flex\">\n<div class=\"wp-block-column is-layout-flow wp-block-column-is-layout-flow\" style=\"padding-top:var(--wp--preset--spacing--60);padding-right:var(--wp--preset--spacing--40);padding-bottom:var(--wp--preset--spacing--60);padding-left:var(--wp--preset--spacing--40)\">\n<div class=\"wp-block-group has-global-padding is-content-justification-left is-layout-constrained wp-container-core-group-is-layout-12dd3699 wp-block-group-is-layout-constrained\">\n<h2 class=\"wp-block-heading\">Valige oma pakett<\/h2>\n\n\n\n<p style=\"margin-top:16px\">Pakun lahendusi, mis vastavad teie individuaalsetele vajadustele ja suurendavad teie v\u00f5imekust.<\/p>\n<\/div>\n<\/div>\n\n\n\n<div class=\"wp-block-column is-layout-flow wp-container-core-column-is-layout-650d693b wp-block-column-is-layout-flow\" style=\"padding-top:var(--wp--preset--spacing--60);padding-right:var(--wp--preset--spacing--40);padding-bottom:var(--wp--preset--spacing--60);padding-left:var(--wp--preset--spacing--40)\">\n<div class=\"wp-block-group has-global-padding is-content-justification-left is-layout-constrained wp-container-core-group-is-layout-12dd3699 wp-block-group-is-layout-constrained\">\n<h3 class=\"wp-block-heading\" style=\"font-size:clamp(14px, 0.875rem + ((1vw - 3.2px) * 0.625), 20px);line-height:1.5\"><strong>T\u00e4ielik strateegia loomine - visioonist tegudeni<\/strong><\/h3>\n\n\n\n<p>P\u00f5hjalik, praktiline protsess, et luua koos oma meeskonnaga terviklik \u00e4ristrateegia.<\/p>\n\n\n\n<p>Juhendan teid teie ettev\u00f5tte praeguse positsiooni kaardistamisel, turu d\u00fcnaamika m\u00f5istmisel ja peamiste probleemide lahendamisel. Koos m\u00e4\u00e4ratleme teie eesm\u00e4rgid, sihtr\u00fchma ja strateegilise suuna. See ei ole lihtsalt \u00fchekordne seminar - see on struktureeritud protsess, mis koosneb mitmest seansist ja pidevast koost\u00f6\u00f6st.<\/p>\n\n\n\n<p>Sessioonide vahel annan \u00fclesandeid iseseisvaks t\u00f6\u00f6ks ja m\u00f5ttetalguteks. Viimasel kohtumisel vaatame \u00fcle tulemused ja esmased implementeerimise tegevused, t\u00e4histame v\u00f5ite, tuvastame takistused ja kohandame neid vastavalt vajadusele.<\/p>\n\n\n\n<p>See sobib ideaalselt ettev\u00f5tetele, kes on valmis varrukad \u00fcles k\u00e4\u00e4rima ja oma strateegia eest vastutama.<\/p>\n\n\n\n<p class=\"has-small-font-size\" style=\"margin-top:8px\"><strong>Sobib ideaalselt:<\/strong> Ettev\u00f5tted, kes koostavad v\u00f5i ajakohastavad oma t\u00e4ielikku strateegiat<br><strong>Kestus:<\/strong> Mitu n\u00e4dalat\/kuud (s\u00f5ltuvalt ulatusest)<br><strong>V\u00e4ljund:<\/strong> Kohandatud tulemused (strateegiadokument, tegevuskava, meeskonna prioriteedid)<\/p>\n<\/div>\n\n\n\n<div class=\"wp-block-group has-global-padding is-content-justification-left is-layout-constrained wp-container-core-group-is-layout-12dd3699 wp-block-group-is-layout-constrained\">\n<h3 class=\"wp-block-heading\" style=\"font-size:clamp(14px, 0.875rem + ((1vw - 3.2px) * 0.625), 20px);line-height:1.5\"><strong>\u00dchep\u00e4evane fookussprint<\/strong><\/h3>\n\n\n\n<p>Vajate kiiresti selgust ja joondamist? See \u00fchep\u00e4evane strateegiline sprint aitab teil teravdada oma meeskonna fookust, ajakohastada suunda ning viia k\u00f5ik inimesed koosk\u00f5lla ja saada energiat.<\/p>\n\n\n\n<p>Kohtumise l\u00f5pus saate lahkuda koos selgete prioriteetide ja hooga edasiliikumiseks. See on praktiline ja motiveeriv - see sobib ideaalselt meeskondadele, kellel on juba hea siht silme ees, kuid kellel on vaja uuesti keskenduda v\u00f5i defineerida j\u00e4rgmised sammud.<\/p>\n\n\n\n<p>Soovi korral saame kokku leppida j\u00e4relkohtumisi ja -tegevusi, et j\u00e4lgida edusamme ja teha vajaduse korral kohandusi.<\/p>\n\n\n\n<p class=\"has-small-font-size\" style=\"margin-top:8px\"><strong>Sobib ideaalselt:<\/strong> Meeskonnad, kes vajavad kiiret joondumist, hoogu v\u00f5i reset'i.<br><strong>Kestus:<\/strong> 1 p\u00e4ev (+ eraldi kokku lepitavad j\u00e4reltegevused)<br><strong>V\u00e4ljund:<\/strong> L\u00fchiajalised prioriteedid, meeskonna koosk\u00f5lastamine, j\u00e4rgmiste sammude tegevuskava<\/p>\n<\/div>\n\n\n\n<div class=\"wp-block-group has-global-padding is-content-justification-left is-layout-constrained wp-container-core-group-is-layout-12dd3699 wp-block-group-is-layout-constrained\">\n<h3 class=\"wp-block-heading\" style=\"font-size:clamp(14px, 0.875rem + ((1vw - 3.2px) * 0.625), 20px);line-height:1.5\"><strong>Individuaalsed strateegilised lahendused - teie unikaalse v\u00e4ljakutse jaoks<\/strong><\/h3>\n\n\n\n<p>Iga ettev\u00f5te ei vaja t\u00e4ielikku strateegiapaketti - ja iga v\u00e4ljakutse ei sobi kindla lahenduse alla.<\/p>\n\n\n\n<p>Olenemata sellest, kas teil on ees konkreetne v\u00e4ljakutse, sisenete uuele turule v\u00f5i liigute l\u00e4bi kasvuperioodi, t\u00f6\u00f6tan v\u00e4lja strateegiaprotsessi, mis on t\u00e4pselt teie vajadustele kohandatud. Alates teie visiooni t\u00e4psustamisest kuni olemasoleva plaani elluviimiseks muutmiseni keskendun sellele, mis teie ettev\u00f5tet tegelikult edasi viib.<\/p>\n\n\n\n<p>Iga sessioon on kohandatud vastavalt teie meeskonnale, eesm\u00e4rkidele ja ajakavale, tagades, et saate \u00f5iged vahendid, teadmised ja strateegilise suunitluse.<\/p>\n\n\n\n<p class=\"has-small-font-size\" style=\"margin-top:8px\"><strong>Sobib ideaalselt:<\/strong> Ainulaadsed v\u00e4ljakutsed, mastaapsed algatused, pivots v\u00f5i keskendunud algatused<br><strong>Kestus:<\/strong> Paindlik<br><strong>V\u00e4ljund:<\/strong> Kohandatud v\u00e4ljundid vastavalt ulatusele (nt strateegiadokument, tegevuskava, meeskonna t\u00f6\u00f6riistakomplekt).<\/p>\n<\/div>\n<\/div>\n<\/div>\n<\/div>\n\n\n\n<div class=\"wp-block-group alignfull has-background-background-color has-background has-global-padding is-layout-constrained wp-container-core-group-is-layout-254d6575 wp-block-group-is-layout-constrained\" style=\"margin-top:0;margin-bottom:0;padding-top:var(--wp--preset--spacing--60);padding-right:var(--wp--preset--spacing--30);padding-bottom:var(--wp--preset--spacing--60);padding-left:var(--wp--preset--spacing--30)\">\n<div class=\"wp-block-columns alignwide are-vertically-aligned-center is-layout-flex wp-container-core-columns-is-layout-08c01c1c wp-block-columns-is-layout-flex\">\n<div class=\"wp-block-column is-layout-flow wp-block-column-is-layout-flow\" style=\"flex-basis:25%\">\n<figure class=\"wp-block-image aligncenter\"><img loading=\"lazy\" decoding=\"async\" width=\"1280\" height=\"905\" src=\"https:\/\/maarja-liis.ee\/wp-content\/uploads\/2025\/03\/de0ed2570be3dc97da9785140f6d288ba528ef52.jpg\" alt=\"\" class=\"wp-image-117\" style=\"aspect-ratio:4\/3;object-fit:cover\" srcset=\"https:\/\/maarja-liis.ee\/wp-content\/uploads\/2025\/03\/de0ed2570be3dc97da9785140f6d288ba528ef52.jpg 1280w, https:\/\/maarja-liis.ee\/wp-content\/uploads\/2025\/03\/de0ed2570be3dc97da9785140f6d288ba528ef52-300x212.jpg 300w, https:\/\/maarja-liis.ee\/wp-content\/uploads\/2025\/03\/de0ed2570be3dc97da9785140f6d288ba528ef52-1024x724.jpg 1024w, https:\/\/maarja-liis.ee\/wp-content\/uploads\/2025\/03\/de0ed2570be3dc97da9785140f6d288ba528ef52-768x543.jpg 768w\" sizes=\"auto, (max-width: 1280px) 100vw, 1280px\" \/><\/figure>\n<\/div>\n\n\n\n<div class=\"wp-block-column is-vertically-aligned-center is-layout-flow wp-block-column-is-layout-flow\" style=\"flex-basis:50%\">\n<h2 class=\"wp-block-heading has-large-font-size\"><strong>Viime teie ettev\u00f5tte j\u00e4rgmisele tasemele<\/strong><\/h2>\n\n\n\n<p style=\"margin-top:16px\">Kas olete valmis uurima, kuidas ma saan aidata teie ettev\u00f5ttel kasvada, muudatusi juhtida v\u00f5i ellu viia? V\u00f5tke \u00fchendust, ja vaatame koos teie v\u00e4ljakutsed \u00fcle!<\/p>\n<\/div>\n\n\n\n<div class=\"wp-block-column is-vertically-aligned-center is-layout-flow wp-block-column-is-layout-flow\">\n<div class=\"wp-block-buttons is-content-justification-right is-layout-flex wp-container-core-buttons-is-layout-d445cf74 wp-block-buttons-is-layout-flex\">\n<div class=\"wp-block-button\"><a class=\"wp-block-button__link wp-element-button\" href=\"#extendify-cta-booking\">Alusta<\/a><\/div>\n<\/div>\n<\/div>\n<\/div>\n<\/div>","protected":false},"excerpt":{"rendered":"<p>Strategy isn\u2019t a document \u2014 it\u2019s a decision-making tool. I help businesses build strategies that don\u2019t just sit in a folder, but actually guide action. Whether you&#8217;re aligning your team, navigating change, or planning for long-term growth, I bring structure, clarity, and forward momentum to the process. I work across industries with teams ready to [&hellip;]<\/p>","protected":false},"author":1,"featured_media":0,"parent":59,"menu_order":0,"comment_status":"closed","ping_status":"closed","template":"no-title","meta":{"footnotes":""},"class_list":["post-102","page","type-page","status-publish","hentry"],"_links":{"self":[{"href":"https:\/\/maarja-liis.ee\/et\/wp-json\/wp\/v2\/pages\/102","targetHints":{"allow":["GET"]}}],"collection":[{"href":"https:\/\/maarja-liis.ee\/et\/wp-json\/wp\/v2\/pages"}],"about":[{"href":"https:\/\/maarja-liis.ee\/et\/wp-json\/wp\/v2\/types\/page"}],"author":[{"embeddable":true,"href":"https:\/\/maarja-liis.ee\/et\/wp-json\/wp\/v2\/users\/1"}],"replies":[{"embeddable":true,"href":"https:\/\/maarja-liis.ee\/et\/wp-json\/wp\/v2\/comments?post=102"}],"version-history":[{"count":10,"href":"https:\/\/maarja-liis.ee\/et\/wp-json\/wp\/v2\/pages\/102\/revisions"}],"predecessor-version":[{"id":225,"href":"https:\/\/maarja-liis.ee\/et\/wp-json\/wp\/v2\/pages\/102\/revisions\/225"}],"up":[{"embeddable":true,"href":"https:\/\/maarja-liis.ee\/et\/wp-json\/wp\/v2\/pages\/59"}],"wp:attachment":[{"href":"https:\/\/maarja-liis.ee\/et\/wp-json\/wp\/v2\/media?parent=102"}],"curies":[{"name":"wp","href":"https:\/\/api.w.org\/{rel}","templated":true}]}}