{"id":137,"date":"2025-03-30T12:03:24","date_gmt":"2025-03-30T12:03:24","guid":{"rendered":"https:\/\/maarja-liis.ee\/?page_id=137"},"modified":"2025-08-03T11:47:20","modified_gmt":"2025-08-03T11:47:20","slug":"holbustamine","status":"publish","type":"page","link":"https:\/\/maarja-liis.ee\/et\/teenused\/holbustamine\/","title":{"rendered":"Workshop &#038; Brainstorming Facilitation"},"content":{"rendered":"<div class=\"wp-block-group alignfull has-background-background-color has-background has-global-padding is-layout-constrained wp-container-core-group-is-layout-7276a2bb wp-block-group-is-layout-constrained\" style=\"margin-top:0;margin-bottom:0;padding-top:var(--wp--preset--spacing--60);padding-right:var(--wp--preset--spacing--30);padding-bottom:var(--wp--preset--spacing--60);padding-left:var(--wp--preset--spacing--30)\">\n<div class=\"wp-block-group alignwide is-vertical is-layout-flex wp-container-core-group-is-layout-fe9cc265 wp-block-group-is-layout-flex\">\n<div class=\"wp-block-group has-global-padding is-layout-constrained wp-block-group-is-layout-constrained\">\n<h2 class=\"wp-block-heading has-large-font-size\"><strong>T\u00f6\u00f6tubade modereerimine - koost\u00f6\u00f6l p\u00f5hineva m\u00f5tlemise v\u00f5imsuse avamine<\/strong><\/h2>\n<\/div>\n<\/div>\n\n\n\n<div class=\"wp-block-columns alignwide are-vertically-aligned-top is-layout-flex wp-container-core-columns-is-layout-08c01c1c wp-block-columns-is-layout-flex\">\n<div class=\"wp-block-column is-vertically-aligned-top is-layout-flow wp-block-column-is-layout-flow\">\n<div class=\"wp-block-group has-global-padding is-layout-constrained wp-block-group-is-layout-constrained\">\n<p class=\"has-small-font-size\" style=\"margin-top:8px\">Olenemata sellest, kas tegemist on kiire ajur\u00fcnnakuga v\u00f5i p\u00f5hjaliku juhtimisretriidiga, on modereeritud t\u00f6\u00f6toad v\u00f5imas viis keskenduda, tuua selgust ja seada eesm\u00e4rke. Pakun kohandatud t\u00f6\u00f6tubasid ja m\u00f5ttetalguid, et t\u00f5sta teie koosolekute taset, tagades, et need on kaasahaaravad, produktiivsed ja koosk\u00f5las teie eesm\u00e4rkidega.<\/p>\n\n\n\n<p style=\"margin-top:16px\">Fasiliteerimine ei t\u00e4henda mitte ainult koosoleku juhtimist, vaid ka vestluse juhtimist, koost\u00f6\u00f6keskkonna loomist ja selle tagamist, et iga h\u00e4\u00e4lt kuuldakse ja hinnatakse. Olgu tegemist keeruliste probleemide lahendamise, meeskondade koosk\u00f5lastamise v\u00f5i tulevikustrateegiate koostamisega, modereeritud koosolek tagab, et teie aeg efektiivselt kasutatud ja tulemused on m\u00f5jusad.<\/p>\n\n\n\n<p class=\"has-small-font-size\" style=\"margin-top:8px\">Integreerides turu\u00fclevaateid ja tulemuslikkuse n\u00e4itajaid, aitame teil teha teadlikke otsuseid, mis viivad teie ettev\u00f5tet edasi. <\/p>\n\n\n\n<p><strong>Fasiliteerimine - miks see toimib<\/strong><\/p>\n\n\n\n<p>Koosolekud, t\u00f6\u00f6toad ja ajur\u00fcnnakud v\u00f5ivad tihtipeale ilma selge struktuuri, t\u00f5husa kommunikatsiooni ja tugeva juhtimiseta eba\u00f5nnestuda. Kui kaasate kogenud moderaatori, avanevad mitmed eelised, mis viivad teie koosolekud j\u00e4rgmisele tasemele:<\/p>\n\n\n\n<ul class=\"wp-block-list\">\n<li><strong>Suurem keskendumine<\/strong>: Moderaator tagab, et arutelud p\u00fcsiksid \u00f5iges suunas, et eesm\u00e4rgid oleksid t\u00e4idetud ja et aega kasutataks t\u00f5husalt.<\/li>\n\n\n\n<li><strong>T\u00f5hustatud koost\u00f6\u00f6<\/strong>: Juhtides r\u00fchma d\u00fcnaamikat, loon keskkonna, kus iga\u00fcks saab anda oma panuse, tagades, et parimad ideed t\u00f5usevad pinnale.<\/li>\n\n\n\n<li><strong>Objektiivne otsuste tegemine<\/strong>: Lihtsustamise abil saate teha arukamaid, erapooletuid otsuseid. Ma aitan k\u00f5rvaldada isiklikud eelarvamused ja julgustan konstruktiivset arutelu, et j\u00f5uda k\u00f5ige t\u00f5husamate j\u00e4reldusteni.<\/li>\n\n\n\n<li><strong>Maksimeeritud kaasamine<\/strong>: Selle asemel, et istuda koosolekul passiivselt, julgustatakse osalejaid aktiivselt osalema, panustama ja koost\u00f6\u00f6d tegema, mis muudab koosolekud d\u00fcnaamilisemaks ja nauditavamaks.<\/li>\n<\/ul>\n\n\n\n<p><strong>Rakendatavad tulemused<\/strong>: Suunatud koosolekud keskenduvad konkreetsetele, rakendatavatele tulemustele, mida saab kohe ellu viia, tagades, et investeeritud aeg annab k\u00e4egakatsutavaid tulemusi.<\/p>\n<\/div>\n<\/div>\n\n\n\n<div class=\"wp-block-column is-vertically-aligned-top is-layout-flow wp-block-column-is-layout-flow\">\n<figure class=\"wp-block-image size-large ext-aspect-landscape\"><img loading=\"lazy\" decoding=\"async\" width=\"1024\" height=\"662\" src=\"https:\/\/maarja-liis.ee\/wp-content\/uploads\/2025\/04\/workshop-1746275_1280-1024x662.jpg\" alt=\"\" class=\"wp-image-176\" style=\"aspect-ratio:4\/3;object-fit:cover\" srcset=\"https:\/\/maarja-liis.ee\/wp-content\/uploads\/2025\/04\/workshop-1746275_1280-1024x662.jpg 1024w, https:\/\/maarja-liis.ee\/wp-content\/uploads\/2025\/04\/workshop-1746275_1280-300x194.jpg 300w, https:\/\/maarja-liis.ee\/wp-content\/uploads\/2025\/04\/workshop-1746275_1280-768x497.jpg 768w, https:\/\/maarja-liis.ee\/wp-content\/uploads\/2025\/04\/workshop-1746275_1280.jpg 1280w\" sizes=\"auto, (max-width: 1024px) 100vw, 1024px\" \/><\/figure>\n<\/div>\n<\/div>\n<\/div>\n\n\n\n<div class=\"wp-block-group alignfull has-background-background-color has-background has-global-padding is-layout-constrained wp-container-core-group-is-layout-6fa30f3f wp-block-group-is-layout-constrained\" style=\"border-top-width:1px;margin-top:0;margin-bottom:0;padding-top:0;padding-right:0;padding-bottom:0;padding-left:0\">\n<div class=\"wp-block-columns alignwide is-layout-flex wp-container-core-columns-is-layout-28232c24 wp-block-columns-is-layout-flex\">\n<div class=\"wp-block-column is-layout-flow wp-block-column-is-layout-flow\" style=\"padding-top:var(--wp--preset--spacing--60);padding-right:var(--wp--preset--spacing--40);padding-bottom:var(--wp--preset--spacing--60);padding-left:var(--wp--preset--spacing--40)\">\n<div class=\"wp-block-group has-global-padding is-content-justification-left is-layout-constrained wp-container-core-group-is-layout-12dd3699 wp-block-group-is-layout-constrained\">\n<h2 class=\"wp-block-heading\">Valige oma pakett<\/h2>\n\n\n\n<p style=\"margin-top:16px\">Pakun lahendusi, mis vastavad teie individuaalsetele vajadustele ja suurendavad teie v\u00f5imekust.<\/p>\n<\/div>\n<\/div>\n\n\n\n<div class=\"wp-block-column is-layout-flow wp-container-core-column-is-layout-650d693b wp-block-column-is-layout-flow\" style=\"padding-top:var(--wp--preset--spacing--60);padding-right:var(--wp--preset--spacing--40);padding-bottom:var(--wp--preset--spacing--60);padding-left:var(--wp--preset--spacing--40)\">\n<div class=\"wp-block-group has-global-padding is-content-justification-left is-layout-constrained wp-container-core-group-is-layout-12dd3699 wp-block-group-is-layout-constrained\">\n<h3 class=\"wp-block-heading\" style=\"font-size:clamp(14px, 0.875rem + ((1vw - 3.2px) * 0.625), 20px);line-height:1.5\"><strong>Ajur\u00fcnnak ja ideede genereerimine - Creativity Unleashed<\/strong><\/h3>\n\n\n\n<p class=\"has-small-font-size\" style=\"margin-top:8px\">M\u00f5nikord tulevad parimad ideed koost\u00f6\u00f6st. Aitan l\u00e4bi viia <strong>ajur\u00fcnnakud<\/strong> , mis soodustavad loomingulist probleemide lahendamist, innovatsiooni ja uusi vaatenurki. Olenemata sellest, kas te genereerite uusi tooteideid, lahendate v\u00e4ljakutseid v\u00f5i t\u00e4iustate oma visiooni, tagan, et r\u00fchm j\u00e4\u00e4b keskendunuks ja et iga ideed uuritakse ilma hinnanguteta.<strong>Sobib ideaalselt:<\/strong> Meeskonnad v\u00f5i ettev\u00f5tted, kes vajavad loomingulist panust, ideede genereerimist v\u00f5i uutmoodi m\u00f5tlemist.<br><strong>Kestus:<\/strong> Pool p\u00e4eva kuni terve p\u00e4eva kestvad kohtumised<br><strong>Peamised tulemused:<\/strong> Ideede genereerimine, tegevuskavad, p\u00f5hiliste ideede prioritiseerimine<\/p>\n<\/div>\n\n\n\n<div class=\"wp-block-group has-global-padding is-content-justification-left is-layout-constrained wp-container-core-group-is-layout-12dd3699 wp-block-group-is-layout-constrained\">\n<h3 class=\"wp-block-heading\" style=\"font-size:clamp(14px, 0.875rem + ((1vw - 3.2px) * 0.625), 20px);line-height:1.5\"><strong>Strateegiline planeerimine ja otsuste tegemine - selgus tuleviku jaoks<\/strong><\/h3>\n\n\n\n<p>Strateegilised valikud n\u00f5uavad koosk\u00f5lastamist, raskeid otsuseid ja eesm\u00e4rgi selgust. Loon keskkonna, kus teie meeskond saab s\u00fcveneda oma visiooni, seada selged eesm\u00e4rgid ja kaardistada strateegilise eesm\u00e4rgi tulevikuks. Minu eesm\u00e4rk on tagada, et protsess oleks sujuv, et k\u00f5igi h\u00e4\u00e4l oleks kuuldav ning et l\u00f5plik tegevuskava oleks rakendatav ja keskenduks m\u00f5\u00f5detavatele tulemustele.<\/p>\n\n\n\n<p class=\"has-small-font-size\" style=\"margin-top:8px\"><strong>Sobib ideaalselt:<\/strong> Meeskonnad, kes peavad seadma strateegilisi eesm\u00e4rke, \u00fchtlustama visiooni v\u00f5i tegema olulisi \u00e4riotsuseid.<br><strong>Kestus:<\/strong> Terve p\u00e4eva kuni mitmep\u00e4evased \u00f5pitoad<br><strong>Peamised tulemused:<\/strong> Selge strateegiline kava, teostatavad j\u00e4rgmised sammud, visiooni \u00fchtlustamine<\/p>\n<\/div>\n\n\n\n<div class=\"wp-block-group has-global-padding is-content-justification-left is-layout-constrained wp-container-core-group-is-layout-12dd3699 wp-block-group-is-layout-constrained\">\n<h3 class=\"wp-block-heading\" style=\"font-size:clamp(14px, 0.875rem + ((1vw - 3.2px) * 0.625), 20px);line-height:1.5\"><strong>Juhtkonna retriidid - \u00fchtlustamine, energiaga varustamine ja juhtimine<\/strong><\/h3>\n\n\n\n<p>K\u00f5rgetasemelistele juhtkondadele v\u00f5i juhtimisr\u00fchmadele, <strong>retriidid<\/strong> pakuvad v\u00f5imalust eemalduda igap\u00e4evastest toimingutest ja keskenduda pikaajalistele eesm\u00e4rkidele, meeskonna d\u00fcnaamikale ja kasvustrateegiatele. Ma korraldan ja juhin <strong>juhtkonna retriite<\/strong> mis soodustavad p\u00f5hjalikke vestlusi, viivad juhtkonna \u00fchise visiooni \u00fcmber ja annavad osalejatele energiat tulevaste v\u00e4ljakutsete lahendamiseks.<\/p>\n\n\n\n<p>Need retriidid on m\u00f5eldud selleks, et teie meeskond tunneks end koosk\u00f5las, keskendununa ja valmis eesm\u00e4rke ellu viima. Hoolitsen kogu \u00fcrituse korraldamise eest, alates logistikast kuni sisu loomiseni, et teie saaksite keskenduda tulemustele.<\/p>\n\n\n\n<p class=\"has-small-font-size\" style=\"margin-top:8px\"><strong>Sobib ideaalselt:<\/strong> Juhtimismeeskonnad, juhtkonna retriidid, strateegilise koosk\u00f5lastamise istungid<br><strong>Kestus:<\/strong> Mitmep\u00e4evased \u00fcritused, n\u00e4dalavahetuse retriidid<br><strong>Peamised tulemused:<\/strong> Meeskonna \u00fchtlustamine, strateegiline planeerimine, juhtkonna arendamine<\/p>\n<\/div>\n\n\n\n<div class=\"wp-block-group has-global-padding is-content-justification-left is-layout-constrained wp-container-core-group-is-layout-12dd3699 wp-block-group-is-layout-constrained\">\n<h3 class=\"wp-block-heading\" style=\"font-size:clamp(14px, 0.875rem + ((1vw - 3.2px) * 0.625), 20px);line-height:1.5\"><strong>\u00dcrituste modereerimine - alates lihtsatest t\u00f6\u00f6tubadest kuni t\u00e4iemahuliste \u00fcrituste korraldamiseni<\/strong><\/h3>\n\n\n\n<p>Vajate moderaatorit oma j\u00e4rgmisele <strong>konverentsile, seminarile v\u00f5i firma\u00fcritusele<\/strong>? V\u00f5in juhtida sessioone, modereerida arutelusid v\u00f5i aidata kujundada huvitavaid \u00fcritusi, mis soodustavad suhtlemist ja koost\u00f6\u00f6d. Alates intiimsetest meeskonnakohtumistest kuni suuremahuliste \u00fcritusteni tagan, et teie osalejad on kaasatud, eesm\u00e4rgid on t\u00e4idetud ja teie \u00fcritus annab maksimaalse v\u00e4\u00e4rtuse.<\/p>\n\n\n\n<p class=\"has-small-font-size\" style=\"margin-top:8px\"><strong>Sobib ideaalselt:<\/strong> Konverentsid, seminarid, meeskonna\u00fcritused, juhtide tippkohtumised<br><strong>Kestus:<\/strong> Poolp\u00e4evased kuni mitmep\u00e4evased \u00fcritused<br><strong>Peamised tulemused:<\/strong> \u00dcrituse kavandamine, sessiooni modereerimine, osalejate kaasamine, \u00fcrituse kokkuv\u00f5te<\/p>\n<\/div>\n<\/div>\n<\/div>\n<\/div>\n\n\n\n<div class=\"wp-block-group alignfull has-background-background-color has-background has-global-padding is-layout-constrained wp-container-core-group-is-layout-254d6575 wp-block-group-is-layout-constrained\" style=\"margin-top:0;margin-bottom:0;padding-top:var(--wp--preset--spacing--60);padding-right:var(--wp--preset--spacing--30);padding-bottom:var(--wp--preset--spacing--60);padding-left:var(--wp--preset--spacing--30)\">\n<div class=\"wp-block-columns alignwide are-vertically-aligned-center is-layout-flex wp-container-core-columns-is-layout-08c01c1c wp-block-columns-is-layout-flex\">\n<div class=\"wp-block-column is-layout-flow wp-block-column-is-layout-flow\" style=\"flex-basis:25%\">\n<figure class=\"wp-block-image aligncenter\"><img loading=\"lazy\" decoding=\"async\" width=\"1280\" height=\"905\" src=\"https:\/\/maarja-liis.ee\/wp-content\/uploads\/2025\/03\/de0ed2570be3dc97da9785140f6d288ba528ef52.jpg\" alt=\"\" class=\"wp-image-117\" style=\"aspect-ratio:4\/3;object-fit:cover\" srcset=\"https:\/\/maarja-liis.ee\/wp-content\/uploads\/2025\/03\/de0ed2570be3dc97da9785140f6d288ba528ef52.jpg 1280w, https:\/\/maarja-liis.ee\/wp-content\/uploads\/2025\/03\/de0ed2570be3dc97da9785140f6d288ba528ef52-300x212.jpg 300w, https:\/\/maarja-liis.ee\/wp-content\/uploads\/2025\/03\/de0ed2570be3dc97da9785140f6d288ba528ef52-1024x724.jpg 1024w, https:\/\/maarja-liis.ee\/wp-content\/uploads\/2025\/03\/de0ed2570be3dc97da9785140f6d288ba528ef52-768x543.jpg 768w\" sizes=\"auto, (max-width: 1280px) 100vw, 1280px\" \/><\/figure>\n<\/div>\n\n\n\n<div class=\"wp-block-column is-vertically-aligned-center is-layout-flow wp-block-column-is-layout-flow\" style=\"flex-basis:50%\">\n<h2 class=\"wp-block-heading has-large-font-size\">Tehke meiega koost\u00f6\u00f6d potentsiaali avamiseks<\/h2>\n\n\n\n<p style=\"margin-top:16px\">Avastage, kuidas meie kohandatud strateegiad v\u00f5ivad teie \u00e4ri edendada, pakkudes kasutatavaid teadmisi ja m\u00f5\u00f5detavaid tulemusi.<\/p>\n<\/div>\n\n\n\n<div class=\"wp-block-column is-vertically-aligned-center is-layout-flow wp-block-column-is-layout-flow\">\n<div class=\"wp-block-buttons is-content-justification-right is-layout-flex wp-container-core-buttons-is-layout-d445cf74 wp-block-buttons-is-layout-flex\">\n<div class=\"wp-block-button\"><a class=\"wp-block-button__link wp-element-button\" href=\"#extendify-cta-booking\">Alusta<\/a><\/div>\n<\/div>\n<\/div>\n<\/div>\n<\/div>","protected":false},"excerpt":{"rendered":"<p>Workshops Facilitation \u2013 Unlock the Power of Collaborative Thinking Whether it\u2019s a quick brainstorming session or an in-depth management retreat, facilitated workshops are a powerful way to bring focus, clarity, and actionable results. I offer tailored facilitation services to elevate your meetings, ensuring they are engaging, productive, and aligned with your goals. Facilitation isn\u2019t just [&hellip;]<\/p>","protected":false},"author":1,"featured_media":0,"parent":59,"menu_order":0,"comment_status":"closed","ping_status":"closed","template":"no-title","meta":{"footnotes":""},"class_list":["post-137","page","type-page","status-publish","hentry"],"_links":{"self":[{"href":"https:\/\/maarja-liis.ee\/et\/wp-json\/wp\/v2\/pages\/137","targetHints":{"allow":["GET"]}}],"collection":[{"href":"https:\/\/maarja-liis.ee\/et\/wp-json\/wp\/v2\/pages"}],"about":[{"href":"https:\/\/maarja-liis.ee\/et\/wp-json\/wp\/v2\/types\/page"}],"author":[{"embeddable":true,"href":"https:\/\/maarja-liis.ee\/et\/wp-json\/wp\/v2\/users\/1"}],"replies":[{"embeddable":true,"href":"https:\/\/maarja-liis.ee\/et\/wp-json\/wp\/v2\/comments?post=137"}],"version-history":[{"count":5,"href":"https:\/\/maarja-liis.ee\/et\/wp-json\/wp\/v2\/pages\/137\/revisions"}],"predecessor-version":[{"id":226,"href":"https:\/\/maarja-liis.ee\/et\/wp-json\/wp\/v2\/pages\/137\/revisions\/226"}],"up":[{"embeddable":true,"href":"https:\/\/maarja-liis.ee\/et\/wp-json\/wp\/v2\/pages\/59"}],"wp:attachment":[{"href":"https:\/\/maarja-liis.ee\/et\/wp-json\/wp\/v2\/media?parent=137"}],"curies":[{"name":"wp","href":"https:\/\/api.w.org\/{rel}","templated":true}]}}