{"id":62,"date":"2025-03-16T19:36:08","date_gmt":"2025-03-16T19:36:08","guid":{"rendered":"https:\/\/maarja-liis.ee\/?page_id=62"},"modified":"2025-05-25T11:40:45","modified_gmt":"2025-05-25T11:40:45","slug":"minust","status":"publish","type":"page","link":"https:\/\/maarja-liis.ee\/et\/minust\/","title":{"rendered":"Minust"},"content":{"rendered":"<div class=\"wp-block-group alignfull has-background-background-color has-background has-global-padding is-layout-constrained wp-container-core-group-is-layout-7276a2bb wp-block-group-is-layout-constrained\" style=\"margin-top:0;margin-bottom:0;padding-top:var(--wp--preset--spacing--60);padding-right:var(--wp--preset--spacing--30);padding-bottom:var(--wp--preset--spacing--60);padding-left:var(--wp--preset--spacing--30)\">\n<div class=\"wp-block-columns alignwide are-vertically-aligned-center is-layout-flex wp-container-core-columns-is-layout-643ced6b wp-block-columns-is-layout-flex\">\n<div class=\"wp-block-column is-vertically-aligned-center is-layout-flow wp-container-core-column-is-layout-119bc444 wp-block-column-is-layout-flow\">\n<div class=\"wp-block-group alignwide has-global-padding is-content-justification-left is-layout-constrained wp-container-core-group-is-layout-8b4c372c wp-block-group-is-layout-constrained\">\n<h2 class=\"wp-block-heading has-large-font-size\">Saavutame koos tulemusi<\/h2>\n\n\n\n<p style=\"margin-top:16px\">Olen <strong>turundusstrateeg<\/strong> kellel on \u00fcle 15 aasta kogemust ettev\u00f5tete kasvu edendamisel <strong>l\u00e4bi tervikliku turunduse ja kommunikatsiooni<\/strong>. T\u00f6\u00f6tan strateegiliselt ja sihip\u00e4raselt, kuid alati praktilise fookusega \u2013 <strong>alates suure pildi kavandamisest<\/strong> kuni <strong>detailse elluviimiseni.<\/strong> Minu kogemus ulatub eri valdkondadesse ja rahvusvahelistele turgudele, aidates ettev\u00f5tetel ehitada tugevaid br\u00e4nde ja saavutada m\u00f5\u00f5detavat kasvu.<\/p>\n\n\n\n<p>Tartu \u00dclikooli <strong>strateegilise juhtimise magistrikraad<\/strong> on s\u00fcvendanud minu p\u00fchendumust <strong>pikaajalise v\u00e4\u00e4rtuse loomisele<\/strong> ja t\u00f5husate \u00e4ristrateegiate kujundamisele. Kuigi minu taust on <strong>turunduses,<\/strong>keskendun t\u00e4na ettev\u00f5tte\u00fcleste strateegiate loomisele <strong>mis toetavad<\/strong> kestlikku kasvu <strong>ja arvestavad<\/strong> erinevate valdkondade \u00fchism\u00f5juga.<\/p>\n\n\n\n<p style=\"margin-top:16px\">Kogu oma karj\u00e4\u00e4ri jooksul olen juhtinud <strong>mitmekultuurseid ja valdkonna\u00fcleseid meeskondi<\/strong>, saan energiat v\u00e4ljakutsetest, mis kaasnevad erinevate inimeste ja algatuste juhtimisega. Ma tunnen end h\u00e4sti keskkonnas, mis n\u00f5uab koost\u00f6\u00f6d, loomingulist probleemide lahendamist ja selgeid, rakendatavaid strateegiaid. <\/p>\n\n\n\n<p style=\"margin-top:16px\"><strong>Kolleegid kirjeldavad mind kui:<\/strong><\/p>\n\n\n\n<ul class=\"wp-block-list\">\n<li>Konstruktiivne<\/li>\n\n\n\n<li>Tulemustele orienteeritud<\/li>\n\n\n\n<li>Organiseeritud<\/li>\n\n\n\n<li>Rahulik pinge all<\/li>\n<\/ul>\n\n\n\n<p>Igas projektis loon <strong>selguse<\/strong>, <strong>toon struktuuri<\/strong>ja rakendan <strong>strateegilist m\u00f5tlemist<\/strong> \u2013 et ettev\u00f5tted mitte ainult ei j\u00f5uaks oma eesm\u00e4rkideni, vaid looksid tugeva aluse ka kestlikuks eduks.<\/p>\n\n\n\n<p><strong>Minu visioon sinu eduks<\/strong><\/p>\n\n\n\n<p>Ma soovin sind toetada kasvu ja uute v\u00f5imaluste loomisel \u2013 olgu tegu <strong>alustava ettev\u00f5ttega<\/strong> kes soovib kiirelt laieneda, v\u00f5i juba v\u00e4ljakujunenud organisatsiooniga, kes tahab <strong>turuliidrina<\/strong> edasi areneda.<\/p>\n\n\n\n<p>Usun kindlalt, et igal ettev\u00f5ttel on potentsiaal saavutada <strong>stabiilne ja j\u00e4tkusuutlik kasv<\/strong>. Selge <strong>visiooni<\/strong>, <strong>sihi<\/strong>ja rakendan <strong>strateegiaga<\/strong>Selge visioon, eesm\u00e4rk ja strateegia koos \u00f5igete strateegiliste valikute ja j\u00e4releandmatu rakendamisega turul on kasv k\u00e4eulatuses.<\/p>\n\n\n\n<p>Ja asi ei piirdu ainult t\u00e4nasega. T\u00f5eline edu s\u00fcnnib siis, kui m\u00f5tleme <strong>homsele<\/strong> ning seame ettev\u00f5tte sellisesse positsiooni, kus ta suudab ka tulevikus areneda ja edu s\u00e4ilitada.<\/p>\n<\/div>\n<\/div>\n\n\n\n<div class=\"wp-block-column is-vertically-aligned-center is-layout-flow wp-container-core-column-is-layout-8a368f38 wp-block-column-is-layout-flow\">\n<figure class=\"wp-block-image size-large\"><img loading=\"lazy\" decoding=\"async\" width=\"1024\" height=\"1024\" src=\"https:\/\/maarja-liis.ee\/wp-content\/uploads\/2025\/05\/DSC2784-1024x1024.jpg\" alt=\"\" class=\"wp-image-221\" style=\"aspect-ratio:4\/3;object-fit:cover\" srcset=\"https:\/\/maarja-liis.ee\/wp-content\/uploads\/2025\/05\/DSC2784-1024x1024.jpg 1024w, https:\/\/maarja-liis.ee\/wp-content\/uploads\/2025\/05\/DSC2784-300x300.jpg 300w, https:\/\/maarja-liis.ee\/wp-content\/uploads\/2025\/05\/DSC2784-150x150.jpg 150w, https:\/\/maarja-liis.ee\/wp-content\/uploads\/2025\/05\/DSC2784-768x768.jpg 768w, https:\/\/maarja-liis.ee\/wp-content\/uploads\/2025\/05\/DSC2784-1536x1536.jpg 1536w, https:\/\/maarja-liis.ee\/wp-content\/uploads\/2025\/05\/DSC2784-2048x2048.jpg 2048w, https:\/\/maarja-liis.ee\/wp-content\/uploads\/2025\/05\/DSC2784-12x12.jpg 12w\" sizes=\"auto, (max-width: 1024px) 100vw, 1024px\" \/><\/figure>\n\n\n\n<div class=\"wp-block-group has-tertiary-background-color has-background has-global-padding is-layout-constrained wp-container-core-group-is-layout-24fca791 wp-block-group-is-layout-constrained\" style=\"padding-top:var(--wp--preset--spacing--30);padding-right:24px;padding-bottom:var(--wp--preset--spacing--30);padding-left:24px\">\n<p>Selge visioon, eesm\u00e4rk ja strateegia koos \u00f5igete strateegiliste valikute ja teadliku rakendamisega on eesm\u00e4rgid k\u00e4eulatuses.<\/p>\n\n\n\n<div class=\"wp-block-group is-nowrap is-layout-flex wp-container-core-group-is-layout-3b4e9d3e wp-block-group-is-layout-flex\">\n<div class=\"wp-block-group has-global-padding is-layout-constrained wp-block-group-is-layout-constrained\">\n<h4 class=\"wp-block-heading has-small-font-size\">Maarja-Liis Toomik<\/h4>\n<\/div>\n<\/div>\n<\/div>\n<\/div>\n<\/div>\n<\/div>\n\n\n\n<div class=\"wp-block-group alignfull has-background-background-color has-background has-global-padding is-layout-constrained wp-container-core-group-is-layout-7276a2bb wp-block-group-is-layout-constrained\" style=\"margin-top:0;margin-bottom:0;padding-top:var(--wp--preset--spacing--60);padding-right:var(--wp--preset--spacing--30);padding-bottom:var(--wp--preset--spacing--60);padding-left:var(--wp--preset--spacing--30)\">\n<div class=\"wp-block-group alignwide has-global-padding is-content-justification-center is-layout-constrained wp-block-group-is-layout-constrained\">\n<h2 class=\"wp-block-heading has-text-align-center has-large-font-size\">Minu kogemused<\/h2>\n<\/div>\n\n\n\n<div class=\"wp-block-columns alignwide is-layout-flex wp-container-core-columns-is-layout-643ced6b wp-block-columns-is-layout-flex\">\n<div class=\"wp-block-column is-layout-flow wp-block-column-is-layout-flow\">\n<h3 class=\"wp-block-heading has-text-align-center has-primary-color has-text-color has-x-large-font-size\" style=\"margin-bottom:16px\">15+<\/h3>\n\n\n\n<h3 class=\"wp-block-heading has-text-align-center has-medium-font-size\" style=\"margin-top:16px\">aastat<\/h3>\n\n\n\n<p class=\"has-text-align-center has-small-font-size\" style=\"margin-top:8px\">Rohkem kui 15-aastane praktiline kogemus turunduse ja strateegia valdkonnas.<\/p>\n<\/div>\n\n\n\n<div class=\"wp-block-column is-layout-flow wp-block-column-is-layout-flow\">\n<h3 class=\"wp-block-heading has-text-align-center has-primary-color has-text-color has-x-large-font-size\">10+<\/h3>\n\n\n\n<h3 class=\"wp-block-heading has-text-align-center has-medium-font-size\" style=\"margin-top:16px\">loodud strateegiat<\/h3>\n\n\n\n<p class=\"has-text-align-center has-small-font-size\" style=\"margin-top:8px\">\u00dcle 10 erinevas t\u00f6\u00f6stusharus ja erineva suurusega ettev\u00f5tetele loodud strateegia.<\/p>\n<\/div>\n\n\n\n<div class=\"wp-block-column is-layout-flow wp-block-column-is-layout-flow\">\n<h3 class=\"wp-block-heading has-text-align-center has-primary-color has-text-color has-x-large-font-size\">25+<\/h3>\n\n\n\n<h3 class=\"wp-block-heading has-text-align-center has-medium-font-size\" style=\"margin-top:16px\">Juhitud t\u00f6\u00f6toad<\/h3>\n\n\n\n<p class=\"has-text-align-center has-small-font-size\" style=\"margin-top:8px\">Mitmed strateegia-, ideekorje- ja eesm\u00e4rgistamist\u00f6\u00f6toad.<\/p>\n<\/div>\n<\/div>\n<\/div>\n\n\n\n<div class=\"wp-block-group alignfull has-tertiary-background-color has-background has-global-padding is-layout-constrained wp-container-core-group-is-layout-fb85e995 wp-block-group-is-layout-constrained\" style=\"margin-top:0;margin-bottom:0;padding-top:var(--wp--preset--spacing--60);padding-right:var(--wp--preset--spacing--30);padding-bottom:var(--wp--preset--spacing--60);padding-left:var(--wp--preset--spacing--30)\">\n<p class=\"has-text-align-center\">Ettev\u00f5tluses on lihtne valesid otsuseid teha. Lihtsalt vooluga kaasa minna. Raske on leida seda aega ja tihti puuduvad ka teadmised, et panna ise kokku pikaajaline l\u00e4bim\u00f5eldud plaan, mis kindlustaks sinu \u00e4ri edu ka tulevikus. Maarja-Liisil on tugev hands-on kogemustepagas br\u00e4ndistrateegiate loomisel ja nende juhtimisel. Harukordne v\u00f5ime n\u00e4ha suurt pilti ning samav\u00f5rd ainulaadne oskus tagada, et k\u00f5ik v\u00e4iksemad t\u00fckid sinna ka p\u00e4riselt sobituvad. Sest teooriast on v\u00e4he kasu, kui kirjapandu ei haaku reaalsusega ega pole p\u00e4riselt teostatav v\u00f5i puudub selge arusaam, kuidas see ellu viia. Minu kogemus Maarja-Liisiga on olnud eranditult positiivne \u2013 ta teab, mida teha vaja, ja valdab imetlusv\u00e4\u00e4rset kunsti vedada strateegiaprojekte selliselt, et \u00fckski osapool ei teeks kvaliteedi osas kompromisse ning teekond tunduks seejuures sujuv.<\/p>\n\n\n\n<figure class=\"wp-block-image aligncenter size-full is-style-rounded\"><img loading=\"lazy\" decoding=\"async\" width=\"96\" height=\"96\" src=\"https:\/\/maarja-liis.ee\/wp-content\/uploads\/2025\/04\/siim_v.jpg\" alt=\"\" class=\"wp-image-193\" style=\"aspect-ratio:1;object-fit:cover\"\/><\/figure>\n\n\n\n<h4 class=\"wp-block-heading has-text-align-center\" style=\"margin-top:18px;font-size:clamp(14px, 0.875rem + ((1vw - 3.2px) * 0.417), 18px);\">Siim Nikopensius<\/h4>\n\n\n\n<p class=\"has-text-align-center has-small-font-size\" style=\"margin-top:4px\">TEGEVJUHT<\/p>\n<\/div>\n\n\n\n<div class=\"wp-block-group alignfull has-global-padding is-layout-constrained wp-container-core-group-is-layout-7ff97f4b wp-block-group-is-layout-constrained\" style=\"padding-top:var(--wp--preset--spacing--60);padding-bottom:var(--wp--preset--spacing--40)\">\n<h2 class=\"wp-block-heading has-text-align-center\" style=\"margin-top:0px;margin-bottom:1rem\">T\u00f6\u00f6tame koos<\/h2>\n\n\n\n<div class=\"wp-block-buttons is-content-justification-center is-layout-flex wp-container-core-buttons-is-layout-d2a3880e wp-block-buttons-is-layout-flex\" style=\"margin-top:var(--wp--preset--spacing--30)\">\n<div class=\"wp-block-button\"><a class=\"wp-block-button__link wp-element-button\">V\u00f5ta \u00fchendust<\/a><\/div>\n<\/div>\n<\/div>\n\n\n\n<p><\/p>","protected":false},"excerpt":{"rendered":"<p>Reaching Milestones Together I\u2019m a Marketing Strategist with over 15 years of experience driving business growth through integrated marketing and communications. My expertise spans the full spectrum of marketing activities \u2014 from strategic planning to hands-on execution \u2014 across various industries and international markets. Holding a Master\u2019s degree in Strategic Management from the University of [&hellip;]<\/p>","protected":false},"author":1,"featured_media":0,"parent":0,"menu_order":0,"comment_status":"closed","ping_status":"closed","template":"no-title","meta":{"footnotes":""},"class_list":["post-62","page","type-page","status-publish","hentry"],"_links":{"self":[{"href":"https:\/\/maarja-liis.ee\/et\/wp-json\/wp\/v2\/pages\/62","targetHints":{"allow":["GET"]}}],"collection":[{"href":"https:\/\/maarja-liis.ee\/et\/wp-json\/wp\/v2\/pages"}],"about":[{"href":"https:\/\/maarja-liis.ee\/et\/wp-json\/wp\/v2\/types\/page"}],"author":[{"embeddable":true,"href":"https:\/\/maarja-liis.ee\/et\/wp-json\/wp\/v2\/users\/1"}],"replies":[{"embeddable":true,"href":"https:\/\/maarja-liis.ee\/et\/wp-json\/wp\/v2\/comments?post=62"}],"version-history":[{"count":11,"href":"https:\/\/maarja-liis.ee\/et\/wp-json\/wp\/v2\/pages\/62\/revisions"}],"predecessor-version":[{"id":223,"href":"https:\/\/maarja-liis.ee\/et\/wp-json\/wp\/v2\/pages\/62\/revisions\/223"}],"wp:attachment":[{"href":"https:\/\/maarja-liis.ee\/et\/wp-json\/wp\/v2\/media?parent=62"}],"curies":[{"name":"wp","href":"https:\/\/api.w.org\/{rel}","templated":true}]}}